{"id":118,"date":"2023-01-06T12:04:25","date_gmt":"2023-01-06T12:04:25","guid":{"rendered":"https:\/\/boucherie.vamtam.com\/?page_id=118"},"modified":"2025-09-30T22:27:07","modified_gmt":"2025-09-30T22:27:07","slug":"desarrollos","status":"publish","type":"page","link":"https:\/\/valkira.mx\/newsite\/","title":{"rendered":"Desarrollos"},"content":{"rendered":"\t\t<div data-elementor-type=\"wp-page\" data-elementor-id=\"118\" class=\"elementor elementor-118\">\n\t\t\t\t\t\t<section class=\"elementor-section elementor-top-section elementor-element elementor-element-3427fa38 elementor-section-full_width elementor-section-content-middle elementor-section-height-full elementor-section-height-default elementor-section-items-middle\" data-id=\"3427fa38\" data-element_type=\"section\" data-e-type=\"section\" data-settings=\"{&quot;background_background&quot;:&quot;slideshow&quot;,&quot;background_slideshow_gallery&quot;:[{&quot;id&quot;:988758,&quot;url&quot;:&quot;https:\\\/\\\/valkira.mx\\\/newsite\\\/wp-content\\\/uploads\\\/2025\\\/09\\\/WEBE.jpg&quot;},{&quot;id&quot;:988759,&quot;url&quot;:&quot;https:\\\/\\\/valkira.mx\\\/newsite\\\/wp-content\\\/uploads\\\/2025\\\/09\\\/WEBF.jpg&quot;},{&quot;id&quot;:988755,&quot;url&quot;:&quot;https:\\\/\\\/valkira.mx\\\/newsite\\\/wp-content\\\/uploads\\\/2025\\\/09\\\/WEBB.jpg&quot;},{&quot;id&quot;:988754,&quot;url&quot;:&quot;https:\\\/\\\/valkira.mx\\\/newsite\\\/wp-content\\\/uploads\\\/2025\\\/09\\\/WEBA.jpg&quot;}],&quot;background_slideshow_loop&quot;:&quot;yes&quot;,&quot;background_slideshow_slide_duration&quot;:5000,&quot;background_slideshow_slide_transition&quot;:&quot;fade&quot;,&quot;background_slideshow_transition_duration&quot;:500}\">\n\t\t\t\t\t\t\t<div class=\"elementor-background-overlay\"><\/div>\n\t\t\t\t\t\t\t<div class=\"elementor-container elementor-column-gap-no\">\n\t\t\t\t\t<div class=\"elementor-column elementor-col-100 elementor-top-column elementor-element elementor-element-20c2be37\" data-id=\"20c2be37\" data-element_type=\"column\" data-e-type=\"column\">\n\t\t\t<div class=\"elementor-widget-wrap\">\n\t\t\t\t\t\t\t<\/div>\n\t\t<\/div>\n\t\t\t\t\t<\/div>\n\t\t<\/section>\n\t\t\t\t<section class=\"elementor-section elementor-top-section elementor-element elementor-element-4085b51d elementor-section-full_width elementor-section-height-default elementor-section-height-default\" data-id=\"4085b51d\" data-element_type=\"section\" data-e-type=\"section\" data-settings=\"{&quot;background_background&quot;:&quot;classic&quot;}\">\n\t\t\t\t\t\t<div class=\"elementor-container elementor-column-gap-no\">\n\t\t\t\t\t<div class=\"elementor-column elementor-col-100 elementor-top-column elementor-element elementor-element-4a65d43a\" data-id=\"4a65d43a\" data-element_type=\"column\" data-e-type=\"column\">\n\t\t\t<div class=\"elementor-widget-wrap elementor-element-populated\">\n\t\t\t\t\t\t<section class=\"elementor-section elementor-inner-section elementor-element elementor-element-c4a7397 elementor-section-content-middle elementor-section-boxed elementor-section-height-default elementor-section-height-default\" data-id=\"c4a7397\" data-element_type=\"section\" data-e-type=\"section\">\n\t\t\t\t\t\t<div class=\"elementor-container elementor-column-gap-no\">\n\t\t\t\t\t<div class=\"elementor-column elementor-col-33 elementor-inner-column elementor-element elementor-element-b187237\" data-id=\"b187237\" data-element_type=\"column\" data-e-type=\"column\">\n\t\t\t<div class=\"elementor-widget-wrap elementor-element-populated\">\n\t\t\t\t\t\t<div class=\"elementor-element elementor-element-f4e0e30 elementor-widget elementor-widget-image\" data-id=\"f4e0e30\" data-element_type=\"widget\" data-e-type=\"widget\" data-widget_type=\"image.default\">\n\t\t\t\t\t\t\t\t\t\t\t\t\t\t\t<img fetchpriority=\"high\" decoding=\"async\" width=\"541\" height=\"135\" src=\"https:\/\/i0.wp.com\/valkira.mx\/newsite\/wp-content\/uploads\/2023\/09\/cropped-logoValkira.png?fit=541%2C135&amp;ssl=1\" class=\"attachment-large size-large wp-image-988593\" alt=\"\" srcset=\"https:\/\/i0.wp.com\/valkira.mx\/newsite\/wp-content\/uploads\/2023\/09\/cropped-logoValkira.png?w=541&amp;ssl=1 541w, https:\/\/i0.wp.com\/valkira.mx\/newsite\/wp-content\/uploads\/2023\/09\/cropped-logoValkira.png?resize=300%2C75&amp;ssl=1 300w\" sizes=\"(max-width: 541px) 100vw, 541px\" \/>\t\t\t\t\t\t\t\t\t\t\t\t\t\t\t<\/div>\n\t\t\t\t\t<\/div>\n\t\t<\/div>\n\t\t\t\t<div class=\"elementor-column elementor-col-33 elementor-inner-column elementor-element elementor-element-531b0a2\" data-id=\"531b0a2\" data-element_type=\"column\" data-e-type=\"column\">\n\t\t\t<div class=\"elementor-widget-wrap elementor-element-populated\">\n\t\t\t\t\t\t<div class=\"elementor-element elementor-element-702f5c7 elementor-widget elementor-widget-text-editor\" data-id=\"702f5c7\" data-element_type=\"widget\" data-e-type=\"widget\" data-widget_type=\"text-editor.default\">\n\t\t\t\t\t\t\t\t\t<p>Plaza Espacio, S-214. Puerto Canc\u00fan, ZH. Canc\u00fan, M\u00e9xico.<\/p>\t\t\t\t\t\t\t\t<\/div>\n\t\t\t\t\t<\/div>\n\t\t<\/div>\n\t\t\t\t<div class=\"elementor-column elementor-col-33 elementor-inner-column elementor-element elementor-element-1de864e\" data-id=\"1de864e\" data-element_type=\"column\" data-e-type=\"column\">\n\t\t\t<div class=\"elementor-widget-wrap elementor-element-populated\">\n\t\t\t\t\t\t<div class=\"elementor-element elementor-element-9d29f63 elementor-widget elementor-widget-text-editor\" data-id=\"9d29f63\" data-element_type=\"widget\" data-e-type=\"widget\" data-widget_type=\"text-editor.default\">\n\t\t\t\t\t\t\t\t\t<p>+52 998 404 5602<br \/>hello@valkira.mx<\/p>\t\t\t\t\t\t\t\t<\/div>\n\t\t\t\t\t<\/div>\n\t\t<\/div>\n\t\t\t\t\t<\/div>\n\t\t<\/section>\n\t\t\t\t\t<\/div>\n\t\t<\/div>\n\t\t\t\t\t<\/div>\n\t\t<\/section>\n\t\t\t\t<\/div>\n\t\t","protected":false},"excerpt":{"rendered":"<p>Plaza Espacio, S-214. Puerto Canc\u00fan, ZH. Canc\u00fan, M\u00e9xico. +52 998 404 5602hello@valkira.mx<\/p>\n","protected":false},"author":1,"featured_media":0,"parent":0,"menu_order":0,"comment_status":"closed","ping_status":"closed","template":"","meta":{"nf_dc_page":"","om_disable_all_campaigns":false,"footnotes":""},"class_list":["post-118","page","type-page","status-publish","hentry"],"yoast_head":"<!-- This site is optimized with the Yoast SEO plugin v27.5 - https:\/\/yoast.com\/product\/yoast-seo-wordpress\/ -->\n<title>Desarrollos - Valkira<\/title>\n<meta name=\"robots\" content=\"index, follow, max-snippet:-1, max-image-preview:large, max-video-preview:-1\" \/>\n<link rel=\"canonical\" href=\"https:\/\/valkira.mx\/newsite\/\" \/>\n<meta property=\"og:locale\" content=\"es_ES\" \/>\n<meta property=\"og:type\" content=\"article\" \/>\n<meta property=\"og:title\" content=\"Desarrollos - Valkira\" \/>\n<meta property=\"og:description\" content=\"Plaza Espacio, S-214. Puerto Canc\u00fan, ZH. Canc\u00fan, M\u00e9xico. +52 998 404 5602hello@valkira.mx\" \/>\n<meta property=\"og:url\" content=\"https:\/\/valkira.mx\/newsite\/\" \/>\n<meta property=\"og:site_name\" content=\"Valkira\" \/>\n<meta property=\"article:modified_time\" content=\"2025-09-30T22:27:07+00:00\" \/>\n<meta property=\"og:image\" content=\"https:\/\/valkira.mx\/newsite\/wp-content\/uploads\/2023\/09\/cropped-logoValkira.png\" \/>\n<meta name=\"twitter:card\" content=\"summary_large_image\" \/>\n<meta name=\"twitter:label1\" content=\"Tiempo de lectura\" \/>\n\t<meta name=\"twitter:data1\" content=\"1 minuto\" \/>\n<script type=\"application\/ld+json\" class=\"yoast-schema-graph\">{\"@context\":\"https:\\\/\\\/schema.org\",\"@graph\":[{\"@type\":\"WebPage\",\"@id\":\"https:\\\/\\\/valkira.mx\\\/newsite\\\/\",\"url\":\"https:\\\/\\\/valkira.mx\\\/newsite\\\/\",\"name\":\"Desarrollos - Valkira\",\"isPartOf\":{\"@id\":\"https:\\\/\\\/valkira.mx\\\/newsite\\\/#website\"},\"primaryImageOfPage\":{\"@id\":\"https:\\\/\\\/valkira.mx\\\/newsite\\\/#primaryimage\"},\"image\":{\"@id\":\"https:\\\/\\\/valkira.mx\\\/newsite\\\/#primaryimage\"},\"thumbnailUrl\":\"https:\\\/\\\/valkira.mx\\\/newsite\\\/wp-content\\\/uploads\\\/2023\\\/09\\\/cropped-logoValkira.png\",\"datePublished\":\"2023-01-06T12:04:25+00:00\",\"dateModified\":\"2025-09-30T22:27:07+00:00\",\"breadcrumb\":{\"@id\":\"https:\\\/\\\/valkira.mx\\\/newsite\\\/#breadcrumb\"},\"inLanguage\":\"es\",\"potentialAction\":[{\"@type\":\"ReadAction\",\"target\":[\"https:\\\/\\\/valkira.mx\\\/newsite\\\/\"]}]},{\"@type\":\"ImageObject\",\"inLanguage\":\"es\",\"@id\":\"https:\\\/\\\/valkira.mx\\\/newsite\\\/#primaryimage\",\"url\":\"https:\\\/\\\/i0.wp.com\\\/valkira.mx\\\/newsite\\\/wp-content\\\/uploads\\\/2023\\\/09\\\/cropped-logoValkira.png?fit=541%2C135&ssl=1\",\"contentUrl\":\"https:\\\/\\\/i0.wp.com\\\/valkira.mx\\\/newsite\\\/wp-content\\\/uploads\\\/2023\\\/09\\\/cropped-logoValkira.png?fit=541%2C135&ssl=1\",\"width\":541,\"height\":135},{\"@type\":\"BreadcrumbList\",\"@id\":\"https:\\\/\\\/valkira.mx\\\/newsite\\\/#breadcrumb\",\"itemListElement\":[{\"@type\":\"ListItem\",\"position\":1,\"name\":\"Home\",\"item\":\"https:\\\/\\\/valkira.mx\\\/newsite\\\/\"},{\"@type\":\"ListItem\",\"position\":2,\"name\":\"Desarrollos\"}]},{\"@type\":\"WebSite\",\"@id\":\"https:\\\/\\\/valkira.mx\\\/newsite\\\/#website\",\"url\":\"https:\\\/\\\/valkira.mx\\\/newsite\\\/\",\"name\":\"Valkira\",\"description\":\"Desarrollador Inmobiliario\",\"publisher\":{\"@id\":\"https:\\\/\\\/valkira.mx\\\/newsite\\\/#organization\"},\"potentialAction\":[{\"@type\":\"SearchAction\",\"target\":{\"@type\":\"EntryPoint\",\"urlTemplate\":\"https:\\\/\\\/valkira.mx\\\/newsite\\\/?s={search_term_string}\"},\"query-input\":{\"@type\":\"PropertyValueSpecification\",\"valueRequired\":true,\"valueName\":\"search_term_string\"}}],\"inLanguage\":\"es\"},{\"@type\":\"Organization\",\"@id\":\"https:\\\/\\\/valkira.mx\\\/newsite\\\/#organization\",\"name\":\"Valkira\",\"url\":\"https:\\\/\\\/valkira.mx\\\/newsite\\\/\",\"logo\":{\"@type\":\"ImageObject\",\"inLanguage\":\"es\",\"@id\":\"https:\\\/\\\/valkira.mx\\\/newsite\\\/#\\\/schema\\\/logo\\\/image\\\/\",\"url\":\"https:\\\/\\\/i0.wp.com\\\/valkira.mx\\\/newsite\\\/wp-content\\\/uploads\\\/2023\\\/09\\\/cropped-logoValkira.png?fit=541%2C135&ssl=1\",\"contentUrl\":\"https:\\\/\\\/i0.wp.com\\\/valkira.mx\\\/newsite\\\/wp-content\\\/uploads\\\/2023\\\/09\\\/cropped-logoValkira.png?fit=541%2C135&ssl=1\",\"width\":541,\"height\":135,\"caption\":\"Valkira\"},\"image\":{\"@id\":\"https:\\\/\\\/valkira.mx\\\/newsite\\\/#\\\/schema\\\/logo\\\/image\\\/\"}}]}<\/script>\n<!-- \/ Yoast SEO plugin. -->","yoast_head_json":{"title":"Desarrollos - Valkira","robots":{"index":"index","follow":"follow","max-snippet":"max-snippet:-1","max-image-preview":"max-image-preview:large","max-video-preview":"max-video-preview:-1"},"canonical":"https:\/\/valkira.mx\/newsite\/","og_locale":"es_ES","og_type":"article","og_title":"Desarrollos - Valkira","og_description":"Plaza Espacio, S-214. Puerto Canc\u00fan, ZH. Canc\u00fan, M\u00e9xico. +52 998 404 5602hello@valkira.mx","og_url":"https:\/\/valkira.mx\/newsite\/","og_site_name":"Valkira","article_modified_time":"2025-09-30T22:27:07+00:00","og_image":[{"url":"https:\/\/valkira.mx\/newsite\/wp-content\/uploads\/2023\/09\/cropped-logoValkira.png","type":"","width":"","height":""}],"twitter_card":"summary_large_image","twitter_misc":{"Tiempo de lectura":"1 minuto"},"schema":{"@context":"https:\/\/schema.org","@graph":[{"@type":"WebPage","@id":"https:\/\/valkira.mx\/newsite\/","url":"https:\/\/valkira.mx\/newsite\/","name":"Desarrollos - Valkira","isPartOf":{"@id":"https:\/\/valkira.mx\/newsite\/#website"},"primaryImageOfPage":{"@id":"https:\/\/valkira.mx\/newsite\/#primaryimage"},"image":{"@id":"https:\/\/valkira.mx\/newsite\/#primaryimage"},"thumbnailUrl":"https:\/\/valkira.mx\/newsite\/wp-content\/uploads\/2023\/09\/cropped-logoValkira.png","datePublished":"2023-01-06T12:04:25+00:00","dateModified":"2025-09-30T22:27:07+00:00","breadcrumb":{"@id":"https:\/\/valkira.mx\/newsite\/#breadcrumb"},"inLanguage":"es","potentialAction":[{"@type":"ReadAction","target":["https:\/\/valkira.mx\/newsite\/"]}]},{"@type":"ImageObject","inLanguage":"es","@id":"https:\/\/valkira.mx\/newsite\/#primaryimage","url":"https:\/\/i0.wp.com\/valkira.mx\/newsite\/wp-content\/uploads\/2023\/09\/cropped-logoValkira.png?fit=541%2C135&ssl=1","contentUrl":"https:\/\/i0.wp.com\/valkira.mx\/newsite\/wp-content\/uploads\/2023\/09\/cropped-logoValkira.png?fit=541%2C135&ssl=1","width":541,"height":135},{"@type":"BreadcrumbList","@id":"https:\/\/valkira.mx\/newsite\/#breadcrumb","itemListElement":[{"@type":"ListItem","position":1,"name":"Home","item":"https:\/\/valkira.mx\/newsite\/"},{"@type":"ListItem","position":2,"name":"Desarrollos"}]},{"@type":"WebSite","@id":"https:\/\/valkira.mx\/newsite\/#website","url":"https:\/\/valkira.mx\/newsite\/","name":"Valkira","description":"Desarrollador Inmobiliario","publisher":{"@id":"https:\/\/valkira.mx\/newsite\/#organization"},"potentialAction":[{"@type":"SearchAction","target":{"@type":"EntryPoint","urlTemplate":"https:\/\/valkira.mx\/newsite\/?s={search_term_string}"},"query-input":{"@type":"PropertyValueSpecification","valueRequired":true,"valueName":"search_term_string"}}],"inLanguage":"es"},{"@type":"Organization","@id":"https:\/\/valkira.mx\/newsite\/#organization","name":"Valkira","url":"https:\/\/valkira.mx\/newsite\/","logo":{"@type":"ImageObject","inLanguage":"es","@id":"https:\/\/valkira.mx\/newsite\/#\/schema\/logo\/image\/","url":"https:\/\/i0.wp.com\/valkira.mx\/newsite\/wp-content\/uploads\/2023\/09\/cropped-logoValkira.png?fit=541%2C135&ssl=1","contentUrl":"https:\/\/i0.wp.com\/valkira.mx\/newsite\/wp-content\/uploads\/2023\/09\/cropped-logoValkira.png?fit=541%2C135&ssl=1","width":541,"height":135,"caption":"Valkira"},"image":{"@id":"https:\/\/valkira.mx\/newsite\/#\/schema\/logo\/image\/"}}]}},"jetpack_sharing_enabled":true,"_links":{"self":[{"href":"https:\/\/valkira.mx\/newsite\/wp-json\/wp\/v2\/pages\/118","targetHints":{"allow":["GET"]}}],"collection":[{"href":"https:\/\/valkira.mx\/newsite\/wp-json\/wp\/v2\/pages"}],"about":[{"href":"https:\/\/valkira.mx\/newsite\/wp-json\/wp\/v2\/types\/page"}],"author":[{"embeddable":true,"href":"https:\/\/valkira.mx\/newsite\/wp-json\/wp\/v2\/users\/1"}],"replies":[{"embeddable":true,"href":"https:\/\/valkira.mx\/newsite\/wp-json\/wp\/v2\/comments?post=118"}],"version-history":[{"count":5,"href":"https:\/\/valkira.mx\/newsite\/wp-json\/wp\/v2\/pages\/118\/revisions"}],"predecessor-version":[{"id":988991,"href":"https:\/\/valkira.mx\/newsite\/wp-json\/wp\/v2\/pages\/118\/revisions\/988991"}],"wp:attachment":[{"href":"https:\/\/valkira.mx\/newsite\/wp-json\/wp\/v2\/media?parent=118"}],"curies":[{"name":"wp","href":"https:\/\/api.w.org\/{rel}","templated":true}]}}